{"id":110,"date":"2025-09-23T16:32:20","date_gmt":"2025-09-23T19:32:20","guid":{"rendered":"https:\/\/www.niflow.com.br\/?page_id=110"},"modified":"2025-09-23T16:32:20","modified_gmt":"2025-09-23T19:32:20","slug":"seu-projeto-cabe-em-no-code-low-code-ou-precisa-de-codigo-custom-descubra-agora-em-menos-de-2-minutos-%f0%9f%9a%80","status":"publish","type":"page","link":"https:\/\/www.niflow.com.br\/en\/seu-projeto-cabe-em-no-code-low-code-ou-precisa-de-codigo-custom-descubra-agora-em-menos-de-2-minutos-%f0%9f%9a%80\/","title":{"rendered":"Seu projeto cabe em No-code, Low-code ou precisa de c\u00f3digo custom? Descubra agora em menos de 2 minutos \ud83d\ude80"},"content":{"rendered":"<p><\/p>\n\n\n\n<p>Use gratuitamente o <strong>assistente da Niflow<\/strong> e saiba qual \u00e9 o melhor caminho para transformar sua ideia em realidade.<br>De forma simples, r\u00e1pida e sem enrola\u00e7\u00e3o, voc\u00ea descobre se deve come\u00e7ar com <strong>No-code, Low-code<\/strong> ou <strong>desenvolvimento customizado<\/strong>.<\/p>\n\n\n\n<p>\u2728 Preencha abaixo e receba uma an\u00e1lise instant\u00e2nea sobre a viabilidade do seu projeto.<\/p>\n\n\n\n<iframe\n  src=\"https:\/\/assistente.niflow.com.br\/niflow-site-assistente-3wddskw\"\n  style=\"border: none; width: 100%; height: 600px\"\n><\/iframe>\n\n\n\n<hr class=\"wp-block-separator has-alpha-channel-opacity\"\/>\n\n\n\n<p><\/p>","protected":false},"excerpt":{"rendered":"<p>Use gratuitamente o assistente da Niflow e saiba qual \u00e9 o melhor caminho para transformar sua ideia em realidade.De forma simples, r\u00e1pida e sem enrola\u00e7\u00e3o, voc\u00ea descobre se deve come\u00e7ar com No-code, Low-code ou desenvolvimento customizado. \u2728 Preencha abaixo e receba uma an\u00e1lise instant\u00e2nea sobre a viabilidade do seu projeto.<\/p>","protected":false},"author":1,"featured_media":0,"parent":0,"menu_order":0,"comment_status":"closed","ping_status":"closed","template":"","meta":{"footnotes":""},"class_list":["post-110","page","type-page","status-publish","hentry"],"_links":{"self":[{"href":"https:\/\/www.niflow.com.br\/en\/wp-json\/wp\/v2\/pages\/110","targetHints":{"allow":["GET"]}}],"collection":[{"href":"https:\/\/www.niflow.com.br\/en\/wp-json\/wp\/v2\/pages"}],"about":[{"href":"https:\/\/www.niflow.com.br\/en\/wp-json\/wp\/v2\/types\/page"}],"author":[{"embeddable":true,"href":"https:\/\/www.niflow.com.br\/en\/wp-json\/wp\/v2\/users\/1"}],"replies":[{"embeddable":true,"href":"https:\/\/www.niflow.com.br\/en\/wp-json\/wp\/v2\/comments?post=110"}],"version-history":[{"count":20,"href":"https:\/\/www.niflow.com.br\/en\/wp-json\/wp\/v2\/pages\/110\/revisions"}],"predecessor-version":[{"id":130,"href":"https:\/\/www.niflow.com.br\/en\/wp-json\/wp\/v2\/pages\/110\/revisions\/130"}],"wp:attachment":[{"href":"https:\/\/www.niflow.com.br\/en\/wp-json\/wp\/v2\/media?parent=110"}],"curies":[{"name":"wp","href":"https:\/\/api.w.org\/{rel}","templated":true}]}}