{"id":82,"date":"2025-09-16T23:45:14","date_gmt":"2025-09-17T02:45:14","guid":{"rendered":"https:\/\/www.niflow.com.br\/?page_id=82"},"modified":"2025-09-17T00:02:33","modified_gmt":"2025-09-17T03:02:33","slug":"startups-e-pme","status":"publish","type":"page","link":"https:\/\/www.niflow.com.br\/en\/startups-e-pme\/","title":{"rendered":"Startups and Companies"},"content":{"rendered":"<p><\/p>\n\n\n\n<p>Na&nbsp;<strong>Niflow<\/strong>&nbsp;, ajudamos startups, pequenas e m\u00e9dias empresas a tirarem ideias ou necessidade do papel e transformarem seus processos com solu\u00e7\u00f5es sob medida, constru\u00eddas com&nbsp;<strong>tecnologia low-code, automa\u00e7\u00f5es e intelig\u00eancia artificial<\/strong>&nbsp;.<\/p>\n\n\n\n<p>Usando a plataforma&nbsp;<strong>Nocobase<\/strong>, criamos sistemas internos como&nbsp;<strong>CRMs, ERPs, plataformas de atendimento, portais e dashboards<\/strong>&nbsp;em tempo recorde \u2014 com total controle, sem depend\u00eancia de SaaS engessados ou altos custos de desenvolvimento.<\/p>\n\n\n\n<p>Tudo isso com:<\/p>\n\n\n\n<ul class=\"wp-block-list\">\n<li>Desenvolvimento r\u00e1pido (MVPs em semanas e incremental)<\/li>\n\n\n\n<li>Suporte e evolu\u00e7\u00e3o sob demanda<\/li>\n\n\n\n<li>Treinamento para sua equipe ganhar autonomia<\/li>\n\n\n\n<li>I<strong>ntegra\u00e7\u00e3o com agentes de IA e assistentes inteligentes<\/strong><\/li>\n<\/ul>\n\n\n\n<h3 class=\"wp-block-heading\"><strong>Sua dor, nossa miss\u00e3o<\/strong><\/h3>\n\n\n\n<p><strong>Voc\u00ea est\u00e1 enfrentando isso?<\/strong><\/p>\n\n\n\n<ul class=\"wp-block-list\">\n<li>Seu time perde tempo com sistemas gen\u00e9ricos e inflex\u00edveis?<\/li>\n\n\n\n<li>Precisa de um sistema r\u00e1pido, funcional e f\u00e1cil de manter?<\/li>\n\n\n\n<li>Quer aplicar&nbsp;<strong>intelig\u00eancia artificial<\/strong>&nbsp;e automa\u00e7\u00e3o sem depender de um ex\u00e9rcito de desenvolvedores?<\/li>\n<\/ul>\n\n\n\n<p>\ud83d\udca1&nbsp;<strong>A Niflow resolve isso com Nocobase + IA integrada<\/strong>.<br>Voc\u00ea ganha produtividade, controle e liberdade para inovar.<\/p>\n\n\n\n<hr class=\"wp-block-separator has-alpha-channel-opacity\"\/>\n\n\n\n<h3 class=\"wp-block-heading\"><strong>O que podemos construir com voc\u00ea<\/strong><\/h3>\n\n\n\n<p>Com Nocobase e nossos servi\u00e7os, voc\u00ea pode ter:<\/p>\n\n\n\n<ul class=\"wp-block-list\">\n<li>Um&nbsp;<strong>CRM personalizado<\/strong>, com assistente de vendas baseado em IA<\/li>\n\n\n\n<li>Um&nbsp;<strong>ERP modular<\/strong>, integrado com automa\u00e7\u00f5es e alertas inteligentes<\/li>\n\n\n\n<li>Plataformas de&nbsp;<strong>atendimento interno ou externo com agentes de IA<\/strong><\/li>\n\n\n\n<li>Dashboards e portais com controle de permiss\u00f5es, agendamento, notifica\u00e7\u00f5es e mais<\/li>\n\n\n\n<li>Solu\u00e7\u00f5es sob medida que combinam&nbsp;<strong>low-code, automa\u00e7\u00e3o e IA<\/strong><\/li>\n\n\n\n<li>Entre outras solu\u00e7\u00f5es baseado na sua necessidade<\/li>\n<\/ul>\n\n\n\n<hr class=\"wp-block-separator has-alpha-channel-opacity\"\/>\n\n\n\n<h3 class=\"wp-block-heading\"><strong>IA First: Assistentes e Agentes Inteligentes<\/strong><\/h3>\n\n\n\n<ul class=\"wp-block-list\">\n<li>Assistentes multi canais (Whatsapp, Telegram, etc) para interagir com o cliente ou usu\u00e1rio<\/li>\n\n\n\n<li>Agentes que automatizam processos de cobran\u00e7a, suporte, envio de e-mails, notifica\u00e7\u00f5es e muito mais<\/li>\n\n\n\n<li>IA generativa integrada com LLMs, Langflow, n8n e outras ferramentas modernas<\/li>\n<\/ul>\n\n\n\n<hr class=\"wp-block-separator has-alpha-channel-opacity\"\/>\n\n\n\n<h3 class=\"wp-block-heading\"><strong>Como funciona o processo<\/strong><\/h3>\n\n\n\n<ol class=\"wp-block-list\">\n<li><strong>Entendemos sua necessidade<\/strong>&nbsp;(sem enrola\u00e7\u00e3o t\u00e9cnica)<\/li>\n\n\n\n<li><strong>Criamos um MVP funcional em dias<\/strong><\/li>\n\n\n\n<li><strong>Ajustamos junto com voc\u00ea<\/strong><\/li>\n\n\n\n<li><strong>Entregamos com treinamento e suporte<\/strong><\/li>\n\n\n\n<li><strong>Voc\u00ea pode evoluir por conta pr\u00f3pria ou com nosso time<\/strong><\/li>\n<\/ol>\n\n\n\n<hr class=\"wp-block-separator has-alpha-channel-opacity\"\/>\n\n\n\n<h3 class=\"wp-block-heading\"><strong>Por que escolher a Niflow<\/strong><\/h3>\n\n\n\n<figure class=\"wp-block-table\"><table class=\"has-fixed-layout\"><thead><tr><th>Diferencial<\/th><th>Como entregamos<\/th><\/tr><\/thead><tbody><tr><td>\ud83d\ude80 Velocidade<\/td><td>MVPs em semanas<\/td><\/tr><tr><td>\ud83d\udcb0 Custo-efetivo<\/td><td>Sem licen\u00e7as por usu\u00e1rio (vers\u00e3o open source)<\/td><\/tr><tr><td>\ud83d\udd27 Flex\u00edvel<\/td><td>Plugins, automa\u00e7\u00f5es e integra\u00e7\u00f5es<\/td><\/tr><tr><td>\ud83e\udd16 Inteligente<\/td><td>IA nativa e assistentes embutidos<\/td><\/tr><tr><td>\ud83d\udcda Educativo<\/td><td>Treinamento para sua equipe operar com autonomia<\/td><\/tr><tr><td>\ud83d\udd12 Seguro<\/td><td>Seus dados sob seu controle, com escalabilidade<\/td><\/tr><\/tbody><\/table><\/figure>\n\n\n\n<hr class=\"wp-block-separator has-alpha-channel-opacity\"\/>\n\n\n\n<h3 class=\"wp-block-heading\"><strong>Casos de uso reais<\/strong><\/h3>\n\n\n\n<blockquote class=\"wp-block-quote is-layout-flow wp-block-quote-is-layout-flow\">\n<p><strong>Locadora de carro:<\/strong><br>Digitalizamos o processo completo de reservas, pagamentos e frota em 2 semanas.<\/p>\n<\/blockquote>\n\n\n\n<blockquote class=\"wp-block-quote is-layout-flow wp-block-quote-is-layout-flow\">\n<p><strong>Gest\u00e3o de aplica\u00e7\u00f5es e governan\u00e7a:<\/strong><br>Criamos uma plataforma para gerenciar todas aplica\u00e7\u00f5es, documenta\u00e7\u00f5es, ticket, monitoramento e com assistente AI embutida em 3 semanas.<\/p>\n<\/blockquote>\n\n\n\n<hr class=\"wp-block-separator has-alpha-channel-opacity\"\/>\n\n\n\n<h3 class=\"wp-block-heading\"><strong>Fale com a Niflow<\/strong><\/h3>\n\n\n\n<p><strong>Pronto para sair das planilhas ou sistemas engessados?<\/strong><br>Agende uma conversa r\u00e1pida com nosso time e descubra como podemos acelerar o seu neg\u00f3cio.<\/p>\n\n\n\n<p>\ud83d\udcc6&nbsp;<em>Chamada de 30 minutos sem compromisso<\/em><\/p>\n\n\n\n<div class=\"wp-block-buttons is-layout-flex wp-block-buttons-is-layout-flex\">\n<div class=\"wp-block-button\"><a class=\"wp-block-button__link wp-element-button\" href=\"https:\/\/api.whatsapp.com\/send\/?phone=5548991310699&amp;text=Quero+agendar+uma+conversa\">Agendar uma conversa<\/a><\/div>\n<\/div>\n\n\n\n<p><\/p>","protected":false},"excerpt":{"rendered":"<p>Na&nbsp;Niflow&nbsp;, ajudamos startups, pequenas e m\u00e9dias empresas a tirarem ideias ou necessidade do papel e transformarem seus processos com solu\u00e7\u00f5es sob medida, constru\u00eddas com&nbsp;tecnologia low-code, automa\u00e7\u00f5es e intelig\u00eancia artificial&nbsp;. Usando a plataforma&nbsp;Nocobase, criamos sistemas internos como&nbsp;CRMs, ERPs, plataformas de atendimento, portais e dashboards&nbsp;em tempo recorde \u2014 com total controle, sem depend\u00eancia de SaaS engessados ou [&hellip;]<\/p>\n","protected":false},"author":1,"featured_media":0,"parent":0,"menu_order":0,"comment_status":"closed","ping_status":"closed","template":"","meta":{"footnotes":""},"class_list":["post-82","page","type-page","status-publish","hentry"],"_links":{"self":[{"href":"https:\/\/www.niflow.com.br\/en\/wp-json\/wp\/v2\/pages\/82","targetHints":{"allow":["GET"]}}],"collection":[{"href":"https:\/\/www.niflow.com.br\/en\/wp-json\/wp\/v2\/pages"}],"about":[{"href":"https:\/\/www.niflow.com.br\/en\/wp-json\/wp\/v2\/types\/page"}],"author":[{"embeddable":true,"href":"https:\/\/www.niflow.com.br\/en\/wp-json\/wp\/v2\/users\/1"}],"replies":[{"embeddable":true,"href":"https:\/\/www.niflow.com.br\/en\/wp-json\/wp\/v2\/comments?post=82"}],"version-history":[{"count":2,"href":"https:\/\/www.niflow.com.br\/en\/wp-json\/wp\/v2\/pages\/82\/revisions"}],"predecessor-version":[{"id":86,"href":"https:\/\/www.niflow.com.br\/en\/wp-json\/wp\/v2\/pages\/82\/revisions\/86"}],"wp:attachment":[{"href":"https:\/\/www.niflow.com.br\/en\/wp-json\/wp\/v2\/media?parent=82"}],"curies":[{"name":"wp","href":"https:\/\/api.w.org\/{rel}","templated":true}]}}